{"id":125,"date":"2021-06-13T11:36:49","date_gmt":"2021-06-13T11:36:49","guid":{"rendered":"http:\/\/www2.persoonlijkenuniek.nl\/?page_id=125"},"modified":"2023-10-26T12:13:13","modified_gmt":"2023-10-26T12:13:13","slug":"privacy-beleid","status":"publish","type":"page","link":"https:\/\/www.mooienunique.nl\/?page_id=125","title":{"rendered":"Privacy Beleid"},"content":{"rendered":"\n<h2 class=\"has-black-color has-text-color has-large-font-size wp-block-heading\">Privacy Beleid<\/h2>\n\n\n\n<p>Mooi &amp; Unique respecteert de privacy van alle gebruikers van haar site en draagt er zorg voor dat de persoonlijke informatie die u ons verschaft vertrouwelijk wordt behandeld. Wij houden ons hierbij strikt aan alle wettelijke regelgeving die van toepassing is op persoonsgegevens. Op verzoek kunt u inzage krijgen in de opgeslagen persoonsgegevens en kunt u deze door ons laten wijzigen en\/of verwijderen.<\/p>\n\n\n\n<p>Wij gebruiken uw gegevens om de bestellingen zo snel en gemakkelijk mogelijk te laten verlopen. Voor het overige zullen wij deze gegevens uitsluitend gebruiken met uw toestemming.<\/p>\n\n\n\n<p>Mooi &amp; Unique zal uw persoonlijke gegevens nooit aan derden verkopen en zal deze uitsluitend aan derden ter beschikking stellen die zijn betrokken bij het uitvoeren van uw bestelling.<\/p>\n\n\n\n<p><strong>Mooi &amp; Unique gebruikt de verzamelde gegevens om haar klanten de volgende diensten te leveren:<\/strong><\/p>\n\n\n\n<ul class=\"wp-block-list\"><li>Als u een bestelling plaatst, hebben we uw naam, e-mailadres, telefoonnummer, afleveradres en betaalgegevens nodig om uw bestelling uit te voeren en\u00a0u van het verloop daarvan op de hoogte te houden.\u00a0<strong>Wij gebruiken uw telefoonnummer nooit voor marketingdoeleinden<\/strong>. Ook gebruiken wij deze persoonsgegevens om een factuur, pakbon en PostNL verzendsticker te maken.<\/li><li>Om het winkelen bij Mooi &amp; Unique zo aangenaam mogelijk te laten zijn, slaan wij met uw toestemming uw persoonlijke gegevens en de gegevens met betrekking tot uw bestelling en het gebruik van onze diensten op.<\/li><li>U kunt een account aanmaken bij Mooi &amp; Unique. Daarvoor geeft u een e-mailadres op en kiest u een wachtwoord om uw account te beveiligen. Daarmee maken wij vervolgens een account aan, waarop u kunt inloggen met het door u ingevulde e-mailadres en zelfgekozen paswoord. In uw\u00a0account kan u uw profiel aanvullen met verschillende persoonsgegevens. Deze worden gebruikt voor het leveren van onze diensten.<\/li><li>Met uw toestemming gebruiken wij uw gegevens om u te informeren over de ontwikkeling van de website en over speciale aanbiedingen en acties. Dit doen wij via onze nieuwsbrief. Als u hier niet langer prijs op stelt, kunt u ons dat laten weten door een e-mail te sturen naar <a href=\"mailto:info@mooienunique.nl\">info@mooienunique.nl<\/a>.<\/li><li>Gegevens over het gebruik van onze site en de feedback die we krijgen van onze bezoekers helpen ons om onze site verder te ontwikkelen en te verbeteren.<\/li><li>Als u reageert op een actie of prijsvraag, vragen wij uw naam, adres en e-mailadres. Deze gegevens gebruiken we om de actie uit te voeren, de prijswinnaar(s) bekend te maken, en de respons op onze acties te meten.<\/li><li>We zijn dol op reviews. Wilt u een review schrijven, kies dan zelf of u uw persoonlijke gegevens of uw naam zichtbaar zijn voor andere bezoekers.<\/li><\/ul>\n\n\n\n<p>De bovenstaande gegevens mogen wij verwerken ter uitvoering van de overeenkomst (bestelling\/nieuwsbrief) die je met ons bent aangegaan. Deze informatie bewaren wij tot je jouw account hebt opgezegd\/verwijderd. Een deel van deze gegevens bewaren wij tot 7 jaar na opzegging (vanwege de wettelijke fiscale bewaarplicht).<\/p>\n\n\n\n<p><strong>Contact opnemen en onze nieuwsbrief<\/strong><br>Indien u&nbsp;contact met ons opneemt, bijvoorbeeld per e-mail, dan verwerken wij de door uw&nbsp;verstrekte gegevens uitsluitend met het doel om uw vraag of verzoek af te handelen. Wij bewaren deze informatie totdat wij zeker weten dat u&nbsp;tevreden bent met reactie en tot \u00e9\u00e9n jaar daarna. Zo kunnen we bij vervolgvragen de informatie gemakkelijk erbij pakken.<\/p>\n\n\n\n<p>U kunt zich abonneren op onze nieuwsbrief. Hierin leest u de nieuwtjes, tips en informatie over onze producten. Iedere nieuwsbrief bevat een afmeldlink. Uw e-mailadres wordt automatisch toegevoegd aan de lijst van abonnees. Indien uw zich uitschrijft voor de nieuwsbrief zullen wij uw e-mailadres verwijderen van de lijst van ontvangers. Voor het aanmelden van de nieuwsbrief moet u ouder zijn dan 16 jaar. Bent u jonger dan 16 jaar dan is schriftelijke toestemming met handtekening&nbsp;van de ouder nodig i.v.m. de avg wetgeving.<\/p>\n\n\n\n<p><strong>Mooi &amp; Unique verkoopt uw gegevens niet<\/strong><br>Mooi &amp; Unique zal uw persoonlijke gegevens niet aan derden verkopen en zal deze uitsluitend aan derden ter beschikking stellen die zijn betrokken bij het uitvoeren van uw bestelling. Onze medewerkers en door ons ingeschakelde derden zijn verplicht om de vertrouwelijkheid van uw gegevens te respecteren.<\/p>\n\n\n\n<p><strong>Uw persoonlijke gegevens zijn veilig bij Mooi &amp; Unique<\/strong><br>Wij waarderen het vertrouwen dat u in ons stelt en wij zullen daarom uiterst zorgvuldig met uw gegevens omgaan. Wanneer u een bestelling plaatst, wordt gebruik gemaakt van \u00e9\u00e9n van de modernste technieken; de Secure Socket Layer. Uw gegevens zullen te allen tijde worden beschermd en vertrouwelijk worden behandeld.<\/p>\n\n\n\n<p><strong>Cookies en vergelijkbare technieken<\/strong><br>Cookies zijn kleine stukjes informatie die door uw browser worden opgeslagen op uw computer. Mooi &amp; Unique gebruikt cookies om u te herkennen bij een volgend bezoek. Cookies stellen ons in staat om informatie te verzamelen over het gebruik van onze diensten en deze te verbeteren en aan te passen aan de wensen van onze bezoekers. Onze cookies geven informatie met betrekking tot persoonsidentificatie. U kunt uw browser zo instellen dat u tijdens het winkelen bij Mooi &amp; Unique geen cookies ontvangt.<\/p>\n\n\n\n<p>Wij gebruiken externe advertentietechnologie\u00ebn van gerenommeerde derde partijen om inzicht te krijgen in het gedrag van bezoeker op onze website. Het doel hiervan is om de effectiviteit van internetadvertenties op onze site en de sites van derden te bepalen. Hiervoor maken we gebruik van cookies die door ons zijn aangeleverd en door ons zijn geplaatst. Dit is erop gericht bepaalde handelingen en transacties van bezoeker op onze website te registreren en op basis van deze gegevens bepaalde profielen aan te wijzen voor desbetreffende bezoekers. Wanneer de desbetreffende bezoeker op een website binnen het netwerk van onze partner komt, dan wordt er een advertentie uiting getoond op basis van het aangewezen profiel. In beide gevallen geven we het websitegebruik van bezoekers van onze website door aan de servers van onze partner. Tevens is in beide gevallen de informatie die namens ons wordt verzameld en via deze technologie wordt bijgehouden niet persoonlijk identificeerbaar.<\/p>\n\n\n\n<p>Wij geven uw persoonsgegevens aan andere bedrijven of instanties als dat nodig is voor de uitvoering van de overeenkomst&nbsp;of als wij daar wettelijk verplicht toe zijn. De partijen die wij nodig hebben voor de uitvoering van de overeenkomst;<\/p>\n\n\n\n<ul class=\"wp-block-list\"><li>Onze ICT- en betaaldienstverleners<\/li><li>Administatieve dienstverleners<\/li><li>Verzend dienstverleners<\/li><li>E-mail platforms<\/li><\/ul>\n\n\n\n<p>Persoonsgegevens kunnen door ons ook aan bevoegde instanties worden verstrekt, als de wet zegt dat dit moet. Een voorbeeld is dat bij een vermoeden van fraude aangifte bij de politie kan worden gedaan.<\/p>\n\n\n\n<p>Indien u nog vragen mocht hebben over de Privacy Policy van Persoonlijk &amp; Uniek, dan kunt u een e-mail sturen naar mooienunique@gmail.com. Wij helpen u verder als u informatie nodig heeft over uw gegevens of als u deze wilt wijzigen. U heeft nadrukkelijk het recht op correctie van uw gegevens. In geval wijziging van onze Privacy Policy nodig mocht zijn, dan vindt u op deze pagina altijd de meest recente informatie.<\/p>\n\n\n\n<p><strong>Veiligheid<\/strong><\/p>\n\n\n\n<p><strong>Beveiligde verbinding<\/strong><br>Tijdens het plaatsen van een bestelling worden uw gegevens versleuteld en via een beveiligde verbinding naar ons verzonden. U kunt de beveiligde verbinding herkennen aan de s in&nbsp;<a href=\"https:\/\/secure\/\">https:\/\/secure<\/a>\u2026.. Zo bieden wij u maximale veiligheid en is fraude of diefstal van gegevens uitgesloten.<\/p>\n\n\n\n<p><strong>Privacy<\/strong><br>Wij hechten grote waarde aan uw privacy. Alle persoonlijke gegevens worden door ons daarom met zorg behandeld. Wij houden ons hierbij strikt aan alle wettelijke regelgeving die van toepassing is op persoonsgegevens. Op verzoek kunt u inzage krijgen in de opgeslagen persoonsgegevens en kunt u deze door ons laten wijzigen.<\/p>\n\n\n\n<p><strong>Welke gegevens verzamelen wij?<\/strong><br>Als u bij ons een bestelling plaats, hebben wij van u diverse gegevens nodig om uw bestelling te verwerken. Deze gegevens worden door ons op diverse manieren gecontroleerd op juistheid.<\/p>\n\n\n\n<ul class=\"wp-block-list\"><li>Algemene gegevens:&nbsp;Dit zijn de gegevens zoals naam, adres en woonplaats, die u invult bij het bestelformulier. Deze gegevens gebruiken wij om uw bestelling te controleren en te verwerken.<\/li><li>Uw emailadres:&nbsp;Uw emailadres gebruiken wij om uw bestelling te bevestigen en u te informeren wanneer uw bestelling gereed is voor verzending. Indien u zich heeft aangemeld voor onze nieuwsbrief, zullen wij u van tijd tot tijd op de hoogte houden van nieuws en aanbiedingen. Indien u onze nieuwsbrief niet meer wenst te ontvangen kunt u zich eenvoudig afmelden.<\/li><li>Uw telefoonnummer:&nbsp;Uw telefoonnummer gebruiken wij eventueel&nbsp;om uw bestelling te kunnen&nbsp;verifi\u00ebren&nbsp;en vragen te kunnen stellen over&nbsp;uw bestelling.<br>Wij gebruiken uw telefoonnummer niet voor marketingdoeleinden.<\/li><li>Verkeergegevens:&nbsp;Bij elk bezoek aan onze website worden verkeersgegevens opgeslagen. Dit zijn bijvoorbeeld het aantal pagina\u2019s dat bezocht zijn of welke artikelen besteld zijn.<br>Deze gegevens zijn niet persoonsgebonden en worden alleen gebruikt om de gebruiksvriendelijkheid van onze website te verbeteren.<\/li><\/ul>\n\n\n\n<p><strong>Waarvoor gebruiken wij deze gegevens?<\/strong><br>Het doel van het verwerken van de gegevens is:<\/p>\n\n\n\n<p><em>Persoonsgegevens<\/em><\/p>\n\n\n\n<ul class=\"wp-block-list\"><li>de verwerking van uw bestelling.<\/li><li>de bezorging op het door u aangegeven afleveradres.<\/li><li>u op de hoogte stellen van aanbiedingen en nieuws (indien u zich hiervoor heeft aangemeld).<\/li><\/ul>\n\n\n\n<p><em>Verkeersgegevens<\/em><\/p>\n\n\n\n<ul class=\"wp-block-list\"><li>het bevorderen van de gebruiksvriendelijkheid van de website.<\/li><\/ul>\n\n\n\n<p><strong>Uw gegevens zijn bij ons veilig<\/strong><br>Wij zullen uw persoonlijke gegevens niet aan derden verkopen en wij zullen deze uitsluitend aan door ons gecontracteerde incassobureaus ter beschikking stellen in geval van overschrijding van de door ons gestelde betalingstermijn.<\/p>\n\n\n\n<p>Uw gegevens worden op beveiligde servers opgeslagen. Bevoegde medewerkers van Persoonlijk &amp; Uniek zijn de enige personen die toegang hebben tot de persoonsgegevens en hebben een geheimhoudingsplicht van de persoonsgegevens.<\/p>\n\n\n\n<p><strong>Inzage, wijzigen en verwijderen van uw gegevens<\/strong><br>U heeft het recht:<\/p>\n\n\n\n<ul class=\"wp-block-list\"><li>Uitleg te krijgen over welke persoonsgegevens we hebben en wat we ermee doel<\/li><li>Inzage te krijgen in de precieze persoonsgegevens die wij hebben<\/li><li>Het laten corrigeren van fouten<\/li><li>Het laten verwijderen van verouderde persoonsgegevens<\/li><li>Toestemming die je het gegeven in te trekken<\/li><li>Bezwaar te maken tegen een bepaald gebruik<\/li><\/ul>\n\n\n\n<p>Let op dat u duidelijk aangeeft wie u bent, zodat wij zeker weten dat wij geen gegevens van de verkeerde persoon aanpassen of verwijderen.<\/p>\n","protected":false},"excerpt":{"rendered":"<p>Privacy Beleid Mooi &amp; Unique respecteert de privacy van alle gebruikers van haar site en draagt er zorg voor dat de persoonlijke informatie die u ons verschaft vertrouwelijk wordt behandeld. Wij houden ons hierbij strikt aan alle wettelijke regelgeving die van toepassing is op persoonsgegevens. Op verzoek kunt u inzage krijgen in de opgeslagen persoonsgegevens [&hellip;]<\/p>\n","protected":false},"author":1,"featured_media":0,"parent":6193,"menu_order":6,"comment_status":"closed","ping_status":"closed","template":"","meta":{"_monsterinsights_skip_tracking":false,"_monsterinsights_sitenote_active":false,"_monsterinsights_sitenote_note":"","_monsterinsights_sitenote_category":0,"footnotes":""},"class_list":["post-125","page","type-page","status-publish","hentry","entry","owp-thumbs-layout-horizontal","owp-btn-normal","owp-tabs-layout-horizontal","has-no-thumbnails","has-product-nav"],"yoast_head":"<!-- This site is optimized with the Yoast SEO plugin v27.5 - https:\/\/yoast.com\/product\/yoast-seo-wordpress\/ -->\n<title>Privacy Beleid - Mooi &amp; Unique<\/title>\n<meta name=\"robots\" content=\"index, follow, max-snippet:-1, max-image-preview:large, max-video-preview:-1\" \/>\n<link rel=\"canonical\" href=\"https:\/\/www.mooienunique.nl\/?page_id=125\" \/>\n<meta property=\"og:locale\" content=\"nl_NL\" \/>\n<meta property=\"og:type\" content=\"article\" \/>\n<meta property=\"og:title\" content=\"Privacy Beleid - Mooi &amp; Unique\" \/>\n<meta property=\"og:description\" content=\"Privacy Beleid Mooi &amp; Unique respecteert de privacy van alle gebruikers van haar site en draagt er zorg voor dat de persoonlijke informatie die u ons verschaft vertrouwelijk wordt behandeld. Wij houden ons hierbij strikt aan alle wettelijke regelgeving die van toepassing is op persoonsgegevens. Op verzoek kunt u inzage krijgen in de opgeslagen persoonsgegevens [&hellip;]\" \/>\n<meta property=\"og:url\" content=\"https:\/\/www.mooienunique.nl\/?page_id=125\" \/>\n<meta property=\"og:site_name\" content=\"Mooi &amp; Unique\" \/>\n<meta property=\"article:publisher\" content=\"https:\/\/www.facebook.com\/mooienunique\" \/>\n<meta property=\"article:modified_time\" content=\"2023-10-26T12:13:13+00:00\" \/>\n<meta name=\"twitter:card\" content=\"summary_large_image\" \/>\n<meta name=\"twitter:label1\" content=\"Geschatte leestijd\" \/>\n\t<meta name=\"twitter:data1\" content=\"8 minuten\" \/>\n<script type=\"application\/ld+json\" class=\"yoast-schema-graph\">{\"@context\":\"https:\\\/\\\/schema.org\",\"@graph\":[{\"@type\":\"WebPage\",\"@id\":\"https:\\\/\\\/www.mooienunique.nl\\\/?page_id=125\",\"url\":\"https:\\\/\\\/www.mooienunique.nl\\\/?page_id=125\",\"name\":\"Privacy Beleid - Mooi &amp; Unique\",\"isPartOf\":{\"@id\":\"https:\\\/\\\/www.mooienunique.nl\\\/#website\"},\"datePublished\":\"2021-06-13T11:36:49+00:00\",\"dateModified\":\"2023-10-26T12:13:13+00:00\",\"breadcrumb\":{\"@id\":\"https:\\\/\\\/www.mooienunique.nl\\\/?page_id=125#breadcrumb\"},\"inLanguage\":\"nl-NL\",\"potentialAction\":[{\"@type\":\"ReadAction\",\"target\":[\"https:\\\/\\\/www.mooienunique.nl\\\/?page_id=125\"]}]},{\"@type\":\"BreadcrumbList\",\"@id\":\"https:\\\/\\\/www.mooienunique.nl\\\/?page_id=125#breadcrumb\",\"itemListElement\":[{\"@type\":\"ListItem\",\"position\":1,\"name\":\"Home\",\"item\":\"https:\\\/\\\/www.mooienunique.nl\\\/\"},{\"@type\":\"ListItem\",\"position\":2,\"name\":\"Klantenservice\",\"item\":\"https:\\\/\\\/www.mooienunique.nl\\\/?page_id=6193\"},{\"@type\":\"ListItem\",\"position\":3,\"name\":\"Privacy Beleid\"}]},{\"@type\":\"WebSite\",\"@id\":\"https:\\\/\\\/www.mooienunique.nl\\\/#website\",\"url\":\"https:\\\/\\\/www.mooienunique.nl\\\/\",\"name\":\"Mooi &amp; Unique\",\"description\":\"Beauty, Lifestyle en Meer\",\"publisher\":{\"@id\":\"https:\\\/\\\/www.mooienunique.nl\\\/#organization\"},\"potentialAction\":[{\"@type\":\"SearchAction\",\"target\":{\"@type\":\"EntryPoint\",\"urlTemplate\":\"https:\\\/\\\/www.mooienunique.nl\\\/?s={search_term_string}\"},\"query-input\":{\"@type\":\"PropertyValueSpecification\",\"valueRequired\":true,\"valueName\":\"search_term_string\"}}],\"inLanguage\":\"nl-NL\"},{\"@type\":\"Organization\",\"@id\":\"https:\\\/\\\/www.mooienunique.nl\\\/#organization\",\"name\":\"Mooi &amp; Unique\",\"url\":\"https:\\\/\\\/www.mooienunique.nl\\\/\",\"logo\":{\"@type\":\"ImageObject\",\"inLanguage\":\"nl-NL\",\"@id\":\"https:\\\/\\\/www.mooienunique.nl\\\/#\\\/schema\\\/logo\\\/image\\\/\",\"url\":\"https:\\\/\\\/i0.wp.com\\\/www.mooienunique.nl\\\/wp-content\\\/uploads\\\/2022\\\/08\\\/cropped-cropped-Logo.png?fit=1800%2C624&ssl=1\",\"contentUrl\":\"https:\\\/\\\/i0.wp.com\\\/www.mooienunique.nl\\\/wp-content\\\/uploads\\\/2022\\\/08\\\/cropped-cropped-Logo.png?fit=1800%2C624&ssl=1\",\"width\":1800,\"height\":624,\"caption\":\"Mooi &amp; Unique\"},\"image\":{\"@id\":\"https:\\\/\\\/www.mooienunique.nl\\\/#\\\/schema\\\/logo\\\/image\\\/\"},\"sameAs\":[\"https:\\\/\\\/www.facebook.com\\\/mooienunique\",\"https:\\\/\\\/www.instagram.com\\\/mooi.en.unique\\\/\"]}]}<\/script>\n<!-- \/ Yoast SEO plugin. -->","yoast_head_json":{"title":"Privacy Beleid - Mooi &amp; Unique","robots":{"index":"index","follow":"follow","max-snippet":"max-snippet:-1","max-image-preview":"max-image-preview:large","max-video-preview":"max-video-preview:-1"},"canonical":"https:\/\/www.mooienunique.nl\/?page_id=125","og_locale":"nl_NL","og_type":"article","og_title":"Privacy Beleid - Mooi &amp; Unique","og_description":"Privacy Beleid Mooi &amp; Unique respecteert de privacy van alle gebruikers van haar site en draagt er zorg voor dat de persoonlijke informatie die u ons verschaft vertrouwelijk wordt behandeld. Wij houden ons hierbij strikt aan alle wettelijke regelgeving die van toepassing is op persoonsgegevens. Op verzoek kunt u inzage krijgen in de opgeslagen persoonsgegevens [&hellip;]","og_url":"https:\/\/www.mooienunique.nl\/?page_id=125","og_site_name":"Mooi &amp; Unique","article_publisher":"https:\/\/www.facebook.com\/mooienunique","article_modified_time":"2023-10-26T12:13:13+00:00","twitter_card":"summary_large_image","twitter_misc":{"Geschatte leestijd":"8 minuten"},"schema":{"@context":"https:\/\/schema.org","@graph":[{"@type":"WebPage","@id":"https:\/\/www.mooienunique.nl\/?page_id=125","url":"https:\/\/www.mooienunique.nl\/?page_id=125","name":"Privacy Beleid - Mooi &amp; Unique","isPartOf":{"@id":"https:\/\/www.mooienunique.nl\/#website"},"datePublished":"2021-06-13T11:36:49+00:00","dateModified":"2023-10-26T12:13:13+00:00","breadcrumb":{"@id":"https:\/\/www.mooienunique.nl\/?page_id=125#breadcrumb"},"inLanguage":"nl-NL","potentialAction":[{"@type":"ReadAction","target":["https:\/\/www.mooienunique.nl\/?page_id=125"]}]},{"@type":"BreadcrumbList","@id":"https:\/\/www.mooienunique.nl\/?page_id=125#breadcrumb","itemListElement":[{"@type":"ListItem","position":1,"name":"Home","item":"https:\/\/www.mooienunique.nl\/"},{"@type":"ListItem","position":2,"name":"Klantenservice","item":"https:\/\/www.mooienunique.nl\/?page_id=6193"},{"@type":"ListItem","position":3,"name":"Privacy Beleid"}]},{"@type":"WebSite","@id":"https:\/\/www.mooienunique.nl\/#website","url":"https:\/\/www.mooienunique.nl\/","name":"Mooi &amp; Unique","description":"Beauty, Lifestyle en Meer","publisher":{"@id":"https:\/\/www.mooienunique.nl\/#organization"},"potentialAction":[{"@type":"SearchAction","target":{"@type":"EntryPoint","urlTemplate":"https:\/\/www.mooienunique.nl\/?s={search_term_string}"},"query-input":{"@type":"PropertyValueSpecification","valueRequired":true,"valueName":"search_term_string"}}],"inLanguage":"nl-NL"},{"@type":"Organization","@id":"https:\/\/www.mooienunique.nl\/#organization","name":"Mooi &amp; Unique","url":"https:\/\/www.mooienunique.nl\/","logo":{"@type":"ImageObject","inLanguage":"nl-NL","@id":"https:\/\/www.mooienunique.nl\/#\/schema\/logo\/image\/","url":"https:\/\/i0.wp.com\/www.mooienunique.nl\/wp-content\/uploads\/2022\/08\/cropped-cropped-Logo.png?fit=1800%2C624&ssl=1","contentUrl":"https:\/\/i0.wp.com\/www.mooienunique.nl\/wp-content\/uploads\/2022\/08\/cropped-cropped-Logo.png?fit=1800%2C624&ssl=1","width":1800,"height":624,"caption":"Mooi &amp; Unique"},"image":{"@id":"https:\/\/www.mooienunique.nl\/#\/schema\/logo\/image\/"},"sameAs":["https:\/\/www.facebook.com\/mooienunique","https:\/\/www.instagram.com\/mooi.en.unique\/"]}]}},"jetpack-related-posts":[{"id":2,"url":"https:\/\/www.mooienunique.nl\/?page_id=2","url_meta":{"origin":125,"position":0},"title":"Algemene Voorwaarden","author":"root_z9jeozui","date":"10 mei 2016","format":false,"excerpt":"ALGEMENE VOORWAARDEN: Mooi & Unique staat ingeschreven bij de Kamer van Koophandel onder nummer 55969348. Onderstaand vindt u de algemene voorwaarden van Mooi & Unique.Wanneer het leveringen of diensten betreft die niet via de webwinkel plaatsvinden, maar ontstaan uit bijvoorbeeld contante verkopen dan zijn de artikelen uitgesloten van deze voorwaarden.\u2026","rel":"","context":"Soortgelijk bericht","block_context":{"text":"Soortgelijk bericht","link":""},"img":{"alt_text":"","src":"","width":0,"height":0},"classes":[]},{"id":1307,"url":"https:\/\/www.mooienunique.nl\/?page_id=1307","url_meta":{"origin":125,"position":1},"title":"Verzenden en retourneren","author":"root_z9jeozui","date":"27 november 2021","format":false,"excerpt":"Verzenden en retourneren Levertijd:We streven ernaar om je bestelling zo snel mogelijk te verzenden.Standaard producten (die op voorraad zijn) 1-3 werkdagenGepersonaliseerde producten 1-3 werkdagen Verzendkosten:Om de prijzen van de producten zo laag mogelijk te houden worden de verzendkosten apart berekend. Helaas zijn de verzendkosten van de post\/pakket diensten op dit\u2026","rel":"","context":"Soortgelijk bericht","block_context":{"text":"Soortgelijk bericht","link":""},"img":{"alt_text":"","src":"","width":0,"height":0},"classes":[]},{"id":1346,"url":"https:\/\/www.mooienunique.nl\/?page_id=1346","url_meta":{"origin":125,"position":2},"title":"Contact &#038; Info","author":"root_z9jeozui","date":"1 december 2021","format":false,"excerpt":"Contact & Info Praktische informatie over Mooi & UniqueAdres:Halvinkhuizerweg 583882 BH Putten Telefoonnummer:\u00a006-33925585E-mail: info@mooienunique.nl KVK nr: 55969348BTW id nr:\u00a0NL00254012B60Voor meer informatie kunt u mailen naar info@mooienunique.nl. Wilt u liever telefonisch contact dan kunt u bellen of stuur een bericht naar 0633925585. Of vul het contactformulier hieronder in. BeautysalonVoor het maken\u2026","rel":"","context":"Soortgelijk bericht","block_context":{"text":"Soortgelijk bericht","link":""},"img":{"alt_text":"","src":"","width":0,"height":0},"classes":[]},{"id":1724,"url":"https:\/\/www.mooienunique.nl\/?page_id=1724","url_meta":{"origin":125,"position":3},"title":"Afspraak maken","author":"root_z9jeozui","date":"23 januari 2022","format":false,"excerpt":"Afspraak maken Nieuwe klantWat leuk dat je een afspraak wilt inplannen! Ben je nog niet eerder als klant in de salon geweest en wil je graag een afspraak inplannen? Dan heb ik een aantal gegevens nodig om je in het online boekingssysteem te zetten. Daarna kan je heel gemakkelijk zelf\u2026","rel":"","context":"Soortgelijk bericht","block_context":{"text":"Soortgelijk bericht","link":""},"img":{"alt_text":"","src":"https:\/\/i0.wp.com\/www.mooienunique.nl\/wp-content\/uploads\/2022\/09\/IMG_9608.jpg?resize=350%2C200","width":350,"height":200,"srcset":"https:\/\/i0.wp.com\/www.mooienunique.nl\/wp-content\/uploads\/2022\/09\/IMG_9608.jpg?resize=350%2C200 1x, https:\/\/i0.wp.com\/www.mooienunique.nl\/wp-content\/uploads\/2022\/09\/IMG_9608.jpg?resize=525%2C300 1.5x, https:\/\/i0.wp.com\/www.mooienunique.nl\/wp-content\/uploads\/2022\/09\/IMG_9608.jpg?resize=700%2C400 2x, https:\/\/i0.wp.com\/www.mooienunique.nl\/wp-content\/uploads\/2022\/09\/IMG_9608.jpg?resize=1050%2C600 3x, https:\/\/i0.wp.com\/www.mooienunique.nl\/wp-content\/uploads\/2022\/09\/IMG_9608.jpg?resize=1400%2C800 4x"},"classes":[]},{"id":1313,"url":"https:\/\/www.mooienunique.nl\/?page_id=1313","url_meta":{"origin":125,"position":4},"title":"Over Mooi &#038; Unique","author":"root_z9jeozui","date":"27 november 2021","format":false,"excerpt":"Over Mooi & Unique Welkom op mijn site, mijn naam is Monique van de Kamp ik ben 32 jaar en moeder van twee zoontjes (6 jaar en 2 jaar). BeautyIn 2014 ben ik begonnen met de beautysalon, deze is aan huis gevestigd en destijds onder de naam Lashes&More, sinds half\u2026","rel":"","context":"Soortgelijk bericht","block_context":{"text":"Soortgelijk bericht","link":""},"img":{"alt_text":"","src":"https:\/\/i0.wp.com\/www.mooienunique.nl\/wp-content\/uploads\/2022\/09\/IMG_0510-scaled.jpg?resize=350%2C200","width":350,"height":200,"srcset":"https:\/\/i0.wp.com\/www.mooienunique.nl\/wp-content\/uploads\/2022\/09\/IMG_0510-scaled.jpg?resize=350%2C200 1x, https:\/\/i0.wp.com\/www.mooienunique.nl\/wp-content\/uploads\/2022\/09\/IMG_0510-scaled.jpg?resize=525%2C300 1.5x, https:\/\/i0.wp.com\/www.mooienunique.nl\/wp-content\/uploads\/2022\/09\/IMG_0510-scaled.jpg?resize=700%2C400 2x, https:\/\/i0.wp.com\/www.mooienunique.nl\/wp-content\/uploads\/2022\/09\/IMG_0510-scaled.jpg?resize=1050%2C600 3x, https:\/\/i0.wp.com\/www.mooienunique.nl\/wp-content\/uploads\/2022\/09\/IMG_0510-scaled.jpg?resize=1400%2C800 4x"},"classes":[]},{"id":263,"url":"https:\/\/www.mooienunique.nl\/?page_id=263","url_meta":{"origin":125,"position":5},"title":"Wimperextensions","author":"root_z9jeozui","date":"13 augustus 2021","format":false,"excerpt":"Wimperextensions Wimperextensions one by oneDe naam verklapt het eigenlijk al, bij one by one wimperextensions zet je op elk natuurlijk haartje een wimperextension, e\u00e9n voor \u00e9\u00e9n. Wil jij een natuurlijke look, alsof je gewoon een geweldige mascara op hebt? Dan is dit de juist keuze. Je kan kiezen uit diverse\u2026","rel":"","context":"Soortgelijk bericht","block_context":{"text":"Soortgelijk bericht","link":""},"img":{"alt_text":"","src":"","width":0,"height":0},"classes":[]}],"jetpack_sharing_enabled":true,"_links":{"self":[{"href":"https:\/\/www.mooienunique.nl\/index.php?rest_route=\/wp\/v2\/pages\/125","targetHints":{"allow":["GET"]}}],"collection":[{"href":"https:\/\/www.mooienunique.nl\/index.php?rest_route=\/wp\/v2\/pages"}],"about":[{"href":"https:\/\/www.mooienunique.nl\/index.php?rest_route=\/wp\/v2\/types\/page"}],"author":[{"embeddable":true,"href":"https:\/\/www.mooienunique.nl\/index.php?rest_route=\/wp\/v2\/users\/1"}],"replies":[{"embeddable":true,"href":"https:\/\/www.mooienunique.nl\/index.php?rest_route=%2Fwp%2Fv2%2Fcomments&post=125"}],"version-history":[{"count":6,"href":"https:\/\/www.mooienunique.nl\/index.php?rest_route=\/wp\/v2\/pages\/125\/revisions"}],"predecessor-version":[{"id":3551,"href":"https:\/\/www.mooienunique.nl\/index.php?rest_route=\/wp\/v2\/pages\/125\/revisions\/3551"}],"up":[{"embeddable":true,"href":"https:\/\/www.mooienunique.nl\/index.php?rest_route=\/wp\/v2\/pages\/6193"}],"wp:attachment":[{"href":"https:\/\/www.mooienunique.nl\/index.php?rest_route=%2Fwp%2Fv2%2Fmedia&parent=125"}],"curies":[{"name":"wp","href":"https:\/\/api.w.org\/{rel}","templated":true}]}}