{"id":261,"date":"2021-08-13T14:14:17","date_gmt":"2021-08-13T14:14:17","guid":{"rendered":"http:\/\/www2.persoonlijkenuniek.nl\/?page_id=261"},"modified":"2024-06-01T15:13:37","modified_gmt":"2024-06-01T15:13:37","slug":"behandelingen","status":"publish","type":"page","link":"https:\/\/www.mooienunique.nl\/?page_id=261","title":{"rendered":"Behandelingen"},"content":{"rendered":"\n<h2 class=\"wp-block-heading has-black-color has-text-color has-medium-font-size\">Behandelingen<\/h2>\n\n\n\n<p class=\"has-black-color has-text-color has-link-color has-medium-font-size wp-elements-cb0d629f29bd51b8870d8f96488fcea5\">Mooi &amp; Unique biedt diverse behandelingen aan op wimper, wenkbrauw en nagel gebied. <br>Klik op een van de onderstaande behandelingen voor meer informatie over de desbetreffende behandelingen.<br><a href=\"https:\/\/www.mooienunique.nl\/?page_id=263\">&#8211; Wimperextensions one by one<\/a><br><a href=\"https:\/\/www.mooienunique.nl\/?page_id=263\">&#8211; Wimperextensions russian volume<\/a><br><a href=\"https:\/\/www.mooienunique.nl\/?page_id=265\">&#8211; Wimperlift<\/a><br>&#8211; Wimpers verven verf<br><br><a href=\"https:\/\/www.mooienunique.nl\/?page_id=269\">&#8211; Wenkbrauwen harsen\/epileren of stylen<\/a><br>&#8211; Wenkbrauwen verven met reguliere verf, henna of met de airbrush brow techniek<br>&#8211; Wenkbrauwlift<br><br>&#8211; Harsen van bovenlip of kin<br><br><a href=\"https:\/\/www.mooienunique.nl\/?page_id=271\">&#8211; Gellak van handen of voeten<\/a><br><a href=\"https:\/\/www.mooienunique.nl\/?page_id=271\">&#8211; Biab blush<\/a><br><a href=\"https:\/\/www.mooienunique.nl\/?page_id=271\">&#8211; Nailart<\/a><br><br>&#8211; Combideals<\/p>\n","protected":false},"excerpt":{"rendered":"<p>Behandelingen Mooi &amp; Unique biedt diverse behandelingen aan op wimper, wenkbrauw en nagel gebied. Klik op een van de onderstaande behandelingen voor meer informatie over de desbetreffende behandelingen.&#8211; Wimperextensions one by one&#8211; Wimperextensions russian volume&#8211; Wimperlift&#8211; Wimpers verven verf &#8211; Wenkbrauwen harsen\/epileren of stylen&#8211; Wenkbrauwen verven met reguliere verf, henna of met de airbrush brow [&hellip;]<\/p>\n","protected":false},"author":1,"featured_media":0,"parent":0,"menu_order":0,"comment_status":"closed","ping_status":"closed","template":"","meta":{"_monsterinsights_skip_tracking":false,"_monsterinsights_sitenote_active":false,"_monsterinsights_sitenote_note":"","_monsterinsights_sitenote_category":0,"footnotes":""},"class_list":["post-261","page","type-page","status-publish","hentry","entry","owp-thumbs-layout-horizontal","owp-btn-normal","owp-tabs-layout-horizontal","has-no-thumbnails","has-product-nav"],"yoast_head":"<!-- This site is optimized with the Yoast SEO plugin v27.5 - https:\/\/yoast.com\/product\/yoast-seo-wordpress\/ -->\n<title>Behandelingen - Mooi &amp; Unique<\/title>\n<meta name=\"description\" content=\"Mooi &amp; Unique biedt diverse behandelingen aan, klik op een van de onderstaande behandelingen voor meer informatie.\" \/>\n<meta name=\"robots\" content=\"index, follow, max-snippet:-1, max-image-preview:large, max-video-preview:-1\" \/>\n<link rel=\"canonical\" href=\"https:\/\/www.mooienunique.nl\/?page_id=261\" \/>\n<meta property=\"og:locale\" content=\"nl_NL\" \/>\n<meta property=\"og:type\" content=\"article\" \/>\n<meta property=\"og:title\" content=\"Behandelingen - Mooi &amp; Unique\" \/>\n<meta property=\"og:description\" content=\"Mooi &amp; Unique biedt diverse behandelingen aan, klik op een van de onderstaande behandelingen voor meer informatie.\" \/>\n<meta property=\"og:url\" content=\"https:\/\/www.mooienunique.nl\/?page_id=261\" \/>\n<meta property=\"og:site_name\" content=\"Mooi &amp; Unique\" \/>\n<meta property=\"article:publisher\" content=\"https:\/\/www.facebook.com\/mooienunique\" \/>\n<meta property=\"article:modified_time\" content=\"2024-06-01T15:13:37+00:00\" \/>\n<meta name=\"twitter:card\" content=\"summary_large_image\" \/>\n<meta name=\"twitter:label1\" content=\"Geschatte leestijd\" \/>\n\t<meta name=\"twitter:data1\" content=\"1 minuut\" \/>\n<script type=\"application\/ld+json\" class=\"yoast-schema-graph\">{\"@context\":\"https:\\\/\\\/schema.org\",\"@graph\":[{\"@type\":\"WebPage\",\"@id\":\"https:\\\/\\\/www.mooienunique.nl\\\/?page_id=261\",\"url\":\"https:\\\/\\\/www.mooienunique.nl\\\/?page_id=261\",\"name\":\"Behandelingen - Mooi &amp; Unique\",\"isPartOf\":{\"@id\":\"https:\\\/\\\/www.mooienunique.nl\\\/#website\"},\"datePublished\":\"2021-08-13T14:14:17+00:00\",\"dateModified\":\"2024-06-01T15:13:37+00:00\",\"description\":\"Mooi & Unique biedt diverse behandelingen aan, klik op een van de onderstaande behandelingen voor meer informatie.\",\"breadcrumb\":{\"@id\":\"https:\\\/\\\/www.mooienunique.nl\\\/?page_id=261#breadcrumb\"},\"inLanguage\":\"nl-NL\",\"potentialAction\":[{\"@type\":\"ReadAction\",\"target\":[\"https:\\\/\\\/www.mooienunique.nl\\\/?page_id=261\"]}]},{\"@type\":\"BreadcrumbList\",\"@id\":\"https:\\\/\\\/www.mooienunique.nl\\\/?page_id=261#breadcrumb\",\"itemListElement\":[{\"@type\":\"ListItem\",\"position\":1,\"name\":\"Home\",\"item\":\"https:\\\/\\\/www.mooienunique.nl\\\/\"},{\"@type\":\"ListItem\",\"position\":2,\"name\":\"Behandelingen\"}]},{\"@type\":\"WebSite\",\"@id\":\"https:\\\/\\\/www.mooienunique.nl\\\/#website\",\"url\":\"https:\\\/\\\/www.mooienunique.nl\\\/\",\"name\":\"Mooi &amp; Unique\",\"description\":\"Beauty, Lifestyle en Meer\",\"publisher\":{\"@id\":\"https:\\\/\\\/www.mooienunique.nl\\\/#organization\"},\"potentialAction\":[{\"@type\":\"SearchAction\",\"target\":{\"@type\":\"EntryPoint\",\"urlTemplate\":\"https:\\\/\\\/www.mooienunique.nl\\\/?s={search_term_string}\"},\"query-input\":{\"@type\":\"PropertyValueSpecification\",\"valueRequired\":true,\"valueName\":\"search_term_string\"}}],\"inLanguage\":\"nl-NL\"},{\"@type\":\"Organization\",\"@id\":\"https:\\\/\\\/www.mooienunique.nl\\\/#organization\",\"name\":\"Mooi &amp; Unique\",\"url\":\"https:\\\/\\\/www.mooienunique.nl\\\/\",\"logo\":{\"@type\":\"ImageObject\",\"inLanguage\":\"nl-NL\",\"@id\":\"https:\\\/\\\/www.mooienunique.nl\\\/#\\\/schema\\\/logo\\\/image\\\/\",\"url\":\"https:\\\/\\\/i0.wp.com\\\/www.mooienunique.nl\\\/wp-content\\\/uploads\\\/2022\\\/08\\\/cropped-cropped-Logo.png?fit=1800%2C624&ssl=1\",\"contentUrl\":\"https:\\\/\\\/i0.wp.com\\\/www.mooienunique.nl\\\/wp-content\\\/uploads\\\/2022\\\/08\\\/cropped-cropped-Logo.png?fit=1800%2C624&ssl=1\",\"width\":1800,\"height\":624,\"caption\":\"Mooi &amp; Unique\"},\"image\":{\"@id\":\"https:\\\/\\\/www.mooienunique.nl\\\/#\\\/schema\\\/logo\\\/image\\\/\"},\"sameAs\":[\"https:\\\/\\\/www.facebook.com\\\/mooienunique\",\"https:\\\/\\\/www.instagram.com\\\/mooi.en.unique\\\/\"]}]}<\/script>\n<!-- \/ Yoast SEO plugin. -->","yoast_head_json":{"title":"Behandelingen - Mooi &amp; Unique","description":"Mooi & Unique biedt diverse behandelingen aan, klik op een van de onderstaande behandelingen voor meer informatie.","robots":{"index":"index","follow":"follow","max-snippet":"max-snippet:-1","max-image-preview":"max-image-preview:large","max-video-preview":"max-video-preview:-1"},"canonical":"https:\/\/www.mooienunique.nl\/?page_id=261","og_locale":"nl_NL","og_type":"article","og_title":"Behandelingen - Mooi &amp; Unique","og_description":"Mooi & Unique biedt diverse behandelingen aan, klik op een van de onderstaande behandelingen voor meer informatie.","og_url":"https:\/\/www.mooienunique.nl\/?page_id=261","og_site_name":"Mooi &amp; Unique","article_publisher":"https:\/\/www.facebook.com\/mooienunique","article_modified_time":"2024-06-01T15:13:37+00:00","twitter_card":"summary_large_image","twitter_misc":{"Geschatte leestijd":"1 minuut"},"schema":{"@context":"https:\/\/schema.org","@graph":[{"@type":"WebPage","@id":"https:\/\/www.mooienunique.nl\/?page_id=261","url":"https:\/\/www.mooienunique.nl\/?page_id=261","name":"Behandelingen - Mooi &amp; Unique","isPartOf":{"@id":"https:\/\/www.mooienunique.nl\/#website"},"datePublished":"2021-08-13T14:14:17+00:00","dateModified":"2024-06-01T15:13:37+00:00","description":"Mooi & Unique biedt diverse behandelingen aan, klik op een van de onderstaande behandelingen voor meer informatie.","breadcrumb":{"@id":"https:\/\/www.mooienunique.nl\/?page_id=261#breadcrumb"},"inLanguage":"nl-NL","potentialAction":[{"@type":"ReadAction","target":["https:\/\/www.mooienunique.nl\/?page_id=261"]}]},{"@type":"BreadcrumbList","@id":"https:\/\/www.mooienunique.nl\/?page_id=261#breadcrumb","itemListElement":[{"@type":"ListItem","position":1,"name":"Home","item":"https:\/\/www.mooienunique.nl\/"},{"@type":"ListItem","position":2,"name":"Behandelingen"}]},{"@type":"WebSite","@id":"https:\/\/www.mooienunique.nl\/#website","url":"https:\/\/www.mooienunique.nl\/","name":"Mooi &amp; Unique","description":"Beauty, Lifestyle en Meer","publisher":{"@id":"https:\/\/www.mooienunique.nl\/#organization"},"potentialAction":[{"@type":"SearchAction","target":{"@type":"EntryPoint","urlTemplate":"https:\/\/www.mooienunique.nl\/?s={search_term_string}"},"query-input":{"@type":"PropertyValueSpecification","valueRequired":true,"valueName":"search_term_string"}}],"inLanguage":"nl-NL"},{"@type":"Organization","@id":"https:\/\/www.mooienunique.nl\/#organization","name":"Mooi &amp; Unique","url":"https:\/\/www.mooienunique.nl\/","logo":{"@type":"ImageObject","inLanguage":"nl-NL","@id":"https:\/\/www.mooienunique.nl\/#\/schema\/logo\/image\/","url":"https:\/\/i0.wp.com\/www.mooienunique.nl\/wp-content\/uploads\/2022\/08\/cropped-cropped-Logo.png?fit=1800%2C624&ssl=1","contentUrl":"https:\/\/i0.wp.com\/www.mooienunique.nl\/wp-content\/uploads\/2022\/08\/cropped-cropped-Logo.png?fit=1800%2C624&ssl=1","width":1800,"height":624,"caption":"Mooi &amp; Unique"},"image":{"@id":"https:\/\/www.mooienunique.nl\/#\/schema\/logo\/image\/"},"sameAs":["https:\/\/www.facebook.com\/mooienunique","https:\/\/www.instagram.com\/mooi.en.unique\/"]}]}},"jetpack-related-posts":[{"id":267,"url":"https:\/\/www.mooienunique.nl\/?page_id=267","url_meta":{"origin":261,"position":0},"title":"Brow lift","author":"root_z9jeozui","date":"13 augustus 2021","format":false,"excerpt":"Browlift Brow liftBrow lift oftewel wenkbrauw lift is een behandeling waardoor de wenkbrauw haartjes naar boven worden gebracht met een soort permanent vloeistof. De wenkbrauwen worden dus zogezegd gelift. Met deze behandelingen lijken de wenkbrauwen optisch voller. Deze behandeling kan je uitbreiden met diverse behandelingen zoals verven (reguliere wenkbrauw verf,\u2026","rel":"","context":"Soortgelijk bericht","block_context":{"text":"Soortgelijk bericht","link":""},"img":{"alt_text":"","src":"","width":0,"height":0},"classes":[]},{"id":255,"url":"https:\/\/www.mooienunique.nl\/?page_id=255","url_meta":{"origin":261,"position":1},"title":"Over de Beautysalon","author":"root_z9jeozui","date":"13 augustus 2021","format":false,"excerpt":"Welkom op de pagina van Mooi & Unique Mijn naam is Monique van de Kamp en ik\u00a0ben 33 jaar. Ik heb sinds 2014 een kleine, gezellige en sfeervolle salon aan huis. Ik werk zonder personeel hierdoor kan ik de\u00a0prijzen relatief laag houden. Ook heb ik regelmatig leuke acties, deze kunt\u2026","rel":"","context":"Soortgelijk bericht","block_context":{"text":"Soortgelijk bericht","link":""},"img":{"alt_text":"","src":"","width":0,"height":0},"classes":[]},{"id":269,"url":"https:\/\/www.mooienunique.nl\/?page_id=269","url_meta":{"origin":261,"position":2},"title":"Wenkbrauwen harsen\/epileren of styling","author":"root_z9jeozui","date":"13 augustus 2021","format":false,"excerpt":"Wenkbrauwen harsen\/epileren of styling Harsen en epileren spreekt misschien voor zich, maar voor diegene die toch wat meer informatie wilt hebben zal ik ook hierover een stukje schrijven.Voor dat we beginnen met het harsen of epileren van bijvoorbeeld de wenkbrauwen, bovenlip of kin maken we eerst het gebied schoon. Daarna\u2026","rel":"","context":"Soortgelijk bericht","block_context":{"text":"Soortgelijk bericht","link":""},"img":{"alt_text":"","src":"","width":0,"height":0},"classes":[]},{"id":263,"url":"https:\/\/www.mooienunique.nl\/?page_id=263","url_meta":{"origin":261,"position":3},"title":"Wimperextensions","author":"root_z9jeozui","date":"13 augustus 2021","format":false,"excerpt":"Wimperextensions Wimperextensions one by oneDe naam verklapt het eigenlijk al, bij one by one wimperextensions zet je op elk natuurlijk haartje een wimperextension, e\u00e9n voor \u00e9\u00e9n. Wil jij een natuurlijke look, alsof je gewoon een geweldige mascara op hebt? Dan is dit de juist keuze. Je kan kiezen uit diverse\u2026","rel":"","context":"Soortgelijk bericht","block_context":{"text":"Soortgelijk bericht","link":""},"img":{"alt_text":"","src":"","width":0,"height":0},"classes":[]},{"id":1249,"url":"https:\/\/www.mooienunique.nl\/?page_id=1249","url_meta":{"origin":261,"position":4},"title":"Prijslijst","author":"root_z9jeozui","date":"20 november 2021","format":false,"excerpt":"Prijslijst Beautysalon De onderstaande prijslijst is geldig vanaf 1 maart 2024 Combideals die op dit moment te boeken zijn: Wimpers & wenkbrauwen verven \u20ac 25,00Harsen van wenkbrauwen, bovenlip en kin \u20ac 30,00Browlift incl styling & airbrush brows \u20ac 60,00Gellak handen & voeten \u20ac 65,00Wenkbrauw,- & wimperlift \u20ac 95,00","rel":"","context":"Soortgelijk bericht","block_context":{"text":"Soortgelijk bericht","link":""},"img":{"alt_text":"","src":"https:\/\/i0.wp.com\/www.mooienunique.nl\/wp-content\/uploads\/2024\/04\/Google-review-85-x-55-cm-210-x-297-mm-1.png?resize=350%2C200&ssl=1","width":350,"height":200,"srcset":"https:\/\/i0.wp.com\/www.mooienunique.nl\/wp-content\/uploads\/2024\/04\/Google-review-85-x-55-cm-210-x-297-mm-1.png?resize=350%2C200&ssl=1 1x, https:\/\/i0.wp.com\/www.mooienunique.nl\/wp-content\/uploads\/2024\/04\/Google-review-85-x-55-cm-210-x-297-mm-1.png?resize=525%2C300&ssl=1 1.5x, https:\/\/i0.wp.com\/www.mooienunique.nl\/wp-content\/uploads\/2024\/04\/Google-review-85-x-55-cm-210-x-297-mm-1.png?resize=700%2C400&ssl=1 2x, https:\/\/i0.wp.com\/www.mooienunique.nl\/wp-content\/uploads\/2024\/04\/Google-review-85-x-55-cm-210-x-297-mm-1.png?resize=1050%2C600&ssl=1 3x, https:\/\/i0.wp.com\/www.mooienunique.nl\/wp-content\/uploads\/2024\/04\/Google-review-85-x-55-cm-210-x-297-mm-1.png?resize=1400%2C800&ssl=1 4x"},"classes":[]},{"id":265,"url":"https:\/\/www.mooienunique.nl\/?page_id=265","url_meta":{"origin":261,"position":5},"title":"Wimperlift","author":"root_z9jeozui","date":"13 augustus 2021","format":false,"excerpt":"Wimperlift WimperliftWimperlift is een populaire behandeling waarbij je wimpers gekruld en geverfd worden. Je kan het vergelijken met een soort permanent voor je wimpers. De behandeling sluiten we af met een lotion die een soort 'botox' effect heeft voor je wimpers, hierdoor worden dus ook wat voller. Waar moet ik\u2026","rel":"","context":"Soortgelijk bericht","block_context":{"text":"Soortgelijk bericht","link":""},"img":{"alt_text":"","src":"","width":0,"height":0},"classes":[]}],"jetpack_sharing_enabled":true,"_links":{"self":[{"href":"https:\/\/www.mooienunique.nl\/index.php?rest_route=\/wp\/v2\/pages\/261","targetHints":{"allow":["GET"]}}],"collection":[{"href":"https:\/\/www.mooienunique.nl\/index.php?rest_route=\/wp\/v2\/pages"}],"about":[{"href":"https:\/\/www.mooienunique.nl\/index.php?rest_route=\/wp\/v2\/types\/page"}],"author":[{"embeddable":true,"href":"https:\/\/www.mooienunique.nl\/index.php?rest_route=\/wp\/v2\/users\/1"}],"replies":[{"embeddable":true,"href":"https:\/\/www.mooienunique.nl\/index.php?rest_route=%2Fwp%2Fv2%2Fcomments&post=261"}],"version-history":[{"count":10,"href":"https:\/\/www.mooienunique.nl\/index.php?rest_route=\/wp\/v2\/pages\/261\/revisions"}],"predecessor-version":[{"id":7270,"href":"https:\/\/www.mooienunique.nl\/index.php?rest_route=\/wp\/v2\/pages\/261\/revisions\/7270"}],"wp:attachment":[{"href":"https:\/\/www.mooienunique.nl\/index.php?rest_route=%2Fwp%2Fv2%2Fmedia&parent=261"}],"curies":[{"name":"wp","href":"https:\/\/api.w.org\/{rel}","templated":true}]}}