{"id":7457,"date":"2024-07-07T19:04:47","date_gmt":"2024-07-07T19:04:47","guid":{"rendered":"http:\/\/www.mooienunique.nl\/?post_type=product&#038;p=7457"},"modified":"2025-02-07T10:30:56","modified_gmt":"2025-02-07T10:30:56","slug":"zomervakantie-planner-2024","status":"publish","type":"product","link":"https:\/\/www.mooienunique.nl\/?product=zomervakantie-planner-2024","title":{"rendered":"Gratis download | Zomervakantie planner &#8217;24"},"content":{"rendered":"<p>Maak met deze zomervakantie planner een aftelkalender voor alle leuke activiteiten die jullie gaan doen in de zomer. De data zijn weg gelaten dus hij kan volgend jaar gewoon weer gebruikt worden.<br \/>\nPrint er twee uit en je hebt \u00e9\u00e9n week om af te tellen naar ze schoolvakantie en de laatste week voor de eerste week naar school. \u00d3f gebruik hem als week planner en je kan 4 activiteiten per dag plannen.<\/p>\n<p>Het logo in het midden is weg na het downloaden van het product.<\/p>\n","protected":false},"excerpt":{"rendered":"<p>Maak met deze zomervakantie planner een aftelkalender voor alle leuke activiteiten die jullie gaan doen in de zomer. De data zijn weg gelaten dus hij kan volgend jaar gewoon weer gebruikt worden.<br \/>\nPrint er twee uit en je hebt \u00e9\u00e9n week om af te tellen naar ze schoolvakantie en de laatste week voor de eerste week naar school. \u00d3f gebruik hem als week planner en je kan 4 activiteiten per dag plannen.<\/p>\n<p>Het logo in het midden is weg na het downloaden van het product.<\/p>\n","protected":false},"featured_media":7459,"comment_status":"closed","ping_status":"closed","template":"","meta":{"_monsterinsights_skip_tracking":false,"_monsterinsights_sitenote_active":false,"_monsterinsights_sitenote_note":"","_monsterinsights_sitenote_category":0},"product_brand":[],"product_cat":[2367,2370],"product_tag":[473,974,2113,1172,1562],"class_list":{"0":"post-7457","1":"product","2":"type-product","3":"status-publish","4":"has-post-thumbnail","6":"product_cat-gratis-downloads","7":"product_cat-gratisdownloads-planners","8":"product_tag-basisschool","9":"product_tag-gratis-download","10":"product_tag-planner","11":"product_tag-schoolvakantie","12":"product_tag-zomervakantie","14":"entry","15":"has-media","17":"first","18":"instock","19":"sale","20":"downloadable","21":"taxable","22":"shipping-taxable","23":"purchasable","24":"product-type-simple","25":"has-product-nav","26":"col","27":"span_1_of_4","28":"owp-content-center","29":"owp-thumbs-layout-horizontal","30":"owp-btn-normal","31":"owp-tabs-layout-horizontal","32":"has-no-thumbnails"},"yoast_head":"<!-- This site is optimized with the Yoast SEO plugin v27.5 - https:\/\/yoast.com\/product\/yoast-seo-wordpress\/ -->\n<title>Gratis download | Zomervakantie planner &#039;24 - Mooi &amp; Unique<\/title>\n<meta name=\"description\" content=\"Maak met deze zomervakantie planner een aftelkalender voor alle leuke activiteiten die jullie gaan doen in de zomer. De data zijn weg gelaten dus hij kan volgend jaar gewoon weer gebruikt worden.\" \/>\n<meta name=\"robots\" content=\"index, follow, max-snippet:-1, max-image-preview:large, max-video-preview:-1\" \/>\n<link rel=\"canonical\" href=\"https:\/\/www.mooienunique.nl\/?product=zomervakantie-planner-2024\" \/>\n<meta property=\"og:locale\" content=\"nl_NL\" \/>\n<meta property=\"og:type\" content=\"article\" \/>\n<meta property=\"og:title\" content=\"Gratis download | Zomervakantie planner &#039;24 - Mooi &amp; Unique\" \/>\n<meta property=\"og:description\" content=\"Maak met deze zomervakantie planner een aftelkalender voor alle leuke activiteiten die jullie gaan doen in de zomer. De data zijn weg gelaten dus hij kan volgend jaar gewoon weer gebruikt worden.\" \/>\n<meta property=\"og:url\" content=\"https:\/\/www.mooienunique.nl\/?product=zomervakantie-planner-2024\" \/>\n<meta property=\"og:site_name\" content=\"Mooi &amp; Unique\" \/>\n<meta property=\"article:publisher\" content=\"https:\/\/www.facebook.com\/mooienunique\" \/>\n<meta property=\"article:modified_time\" content=\"2025-02-07T10:30:56+00:00\" \/>\n<meta property=\"og:image\" content=\"https:\/\/www.mooienunique.nl\/wp-content\/uploads\/2024\/07\/Zomervakantie-planning-4-weken-2024-vierkant-met-logo-voor-site-1024x1024.png\" \/>\n\t<meta property=\"og:image:width\" content=\"1024\" \/>\n\t<meta property=\"og:image:height\" content=\"1024\" \/>\n\t<meta property=\"og:image:type\" content=\"image\/png\" \/>\n<meta name=\"twitter:card\" content=\"summary_large_image\" \/>\n<meta name=\"twitter:label1\" content=\"Geschatte leestijd\" \/>\n\t<meta name=\"twitter:data1\" content=\"1 minuut\" \/>\n<script type=\"application\/ld+json\" class=\"yoast-schema-graph\">{\"@context\":\"https:\\\/\\\/schema.org\",\"@graph\":[{\"@type\":\"WebPage\",\"@id\":\"https:\\\/\\\/www.mooienunique.nl\\\/?product=zomervakantie-planner-2024\",\"url\":\"https:\\\/\\\/www.mooienunique.nl\\\/?product=zomervakantie-planner-2024\",\"name\":\"Gratis download | Zomervakantie planner '24 - Mooi &amp; Unique\",\"isPartOf\":{\"@id\":\"https:\\\/\\\/www.mooienunique.nl\\\/#website\"},\"primaryImageOfPage\":{\"@id\":\"https:\\\/\\\/www.mooienunique.nl\\\/?product=zomervakantie-planner-2024#primaryimage\"},\"image\":{\"@id\":\"https:\\\/\\\/www.mooienunique.nl\\\/?product=zomervakantie-planner-2024#primaryimage\"},\"thumbnailUrl\":\"https:\\\/\\\/i0.wp.com\\\/www.mooienunique.nl\\\/wp-content\\\/uploads\\\/2024\\\/07\\\/Zomervakantie-planning-4-weken-2024-vierkant-met-logo-voor-site.png?fit=1800%2C1800&ssl=1\",\"datePublished\":\"2024-07-07T19:04:47+00:00\",\"dateModified\":\"2025-02-07T10:30:56+00:00\",\"description\":\"Maak met deze zomervakantie planner een aftelkalender voor alle leuke activiteiten die jullie gaan doen in de zomer. De data zijn weg gelaten dus hij kan volgend jaar gewoon weer gebruikt worden.\",\"breadcrumb\":{\"@id\":\"https:\\\/\\\/www.mooienunique.nl\\\/?product=zomervakantie-planner-2024#breadcrumb\"},\"inLanguage\":\"nl-NL\",\"potentialAction\":[{\"@type\":\"ReadAction\",\"target\":[\"https:\\\/\\\/www.mooienunique.nl\\\/?product=zomervakantie-planner-2024\"]}]},{\"@type\":\"ImageObject\",\"inLanguage\":\"nl-NL\",\"@id\":\"https:\\\/\\\/www.mooienunique.nl\\\/?product=zomervakantie-planner-2024#primaryimage\",\"url\":\"https:\\\/\\\/i0.wp.com\\\/www.mooienunique.nl\\\/wp-content\\\/uploads\\\/2024\\\/07\\\/Zomervakantie-planning-4-weken-2024-vierkant-met-logo-voor-site.png?fit=1800%2C1800&ssl=1\",\"contentUrl\":\"https:\\\/\\\/i0.wp.com\\\/www.mooienunique.nl\\\/wp-content\\\/uploads\\\/2024\\\/07\\\/Zomervakantie-planning-4-weken-2024-vierkant-met-logo-voor-site.png?fit=1800%2C1800&ssl=1\",\"width\":1800,\"height\":1800},{\"@type\":\"BreadcrumbList\",\"@id\":\"https:\\\/\\\/www.mooienunique.nl\\\/?product=zomervakantie-planner-2024#breadcrumb\",\"itemListElement\":[{\"@type\":\"ListItem\",\"position\":1,\"name\":\"Home\",\"item\":\"https:\\\/\\\/www.mooienunique.nl\\\/\"},{\"@type\":\"ListItem\",\"position\":2,\"name\":\"Producten\",\"item\":\"https:\\\/\\\/www.mooienunique.nl\\\/?post_type=product\"},{\"@type\":\"ListItem\",\"position\":3,\"name\":\"Gratis download | Zomervakantie planner &#8217;24\"}]},{\"@type\":\"WebSite\",\"@id\":\"https:\\\/\\\/www.mooienunique.nl\\\/#website\",\"url\":\"https:\\\/\\\/www.mooienunique.nl\\\/\",\"name\":\"Mooi &amp; Unique\",\"description\":\"Beauty, Lifestyle en Meer\",\"publisher\":{\"@id\":\"https:\\\/\\\/www.mooienunique.nl\\\/#organization\"},\"potentialAction\":[{\"@type\":\"SearchAction\",\"target\":{\"@type\":\"EntryPoint\",\"urlTemplate\":\"https:\\\/\\\/www.mooienunique.nl\\\/?s={search_term_string}\"},\"query-input\":{\"@type\":\"PropertyValueSpecification\",\"valueRequired\":true,\"valueName\":\"search_term_string\"}}],\"inLanguage\":\"nl-NL\"},{\"@type\":\"Organization\",\"@id\":\"https:\\\/\\\/www.mooienunique.nl\\\/#organization\",\"name\":\"Mooi &amp; Unique\",\"url\":\"https:\\\/\\\/www.mooienunique.nl\\\/\",\"logo\":{\"@type\":\"ImageObject\",\"inLanguage\":\"nl-NL\",\"@id\":\"https:\\\/\\\/www.mooienunique.nl\\\/#\\\/schema\\\/logo\\\/image\\\/\",\"url\":\"https:\\\/\\\/i0.wp.com\\\/www.mooienunique.nl\\\/wp-content\\\/uploads\\\/2022\\\/08\\\/cropped-cropped-Logo.png?fit=1800%2C624&ssl=1\",\"contentUrl\":\"https:\\\/\\\/i0.wp.com\\\/www.mooienunique.nl\\\/wp-content\\\/uploads\\\/2022\\\/08\\\/cropped-cropped-Logo.png?fit=1800%2C624&ssl=1\",\"width\":1800,\"height\":624,\"caption\":\"Mooi &amp; Unique\"},\"image\":{\"@id\":\"https:\\\/\\\/www.mooienunique.nl\\\/#\\\/schema\\\/logo\\\/image\\\/\"},\"sameAs\":[\"https:\\\/\\\/www.facebook.com\\\/mooienunique\",\"https:\\\/\\\/www.instagram.com\\\/mooi.en.unique\\\/\"]}]}<\/script>\n<!-- \/ Yoast SEO plugin. -->","yoast_head_json":{"title":"Gratis download | Zomervakantie planner '24 - Mooi &amp; Unique","description":"Maak met deze zomervakantie planner een aftelkalender voor alle leuke activiteiten die jullie gaan doen in de zomer. De data zijn weg gelaten dus hij kan volgend jaar gewoon weer gebruikt worden.","robots":{"index":"index","follow":"follow","max-snippet":"max-snippet:-1","max-image-preview":"max-image-preview:large","max-video-preview":"max-video-preview:-1"},"canonical":"https:\/\/www.mooienunique.nl\/?product=zomervakantie-planner-2024","og_locale":"nl_NL","og_type":"article","og_title":"Gratis download | Zomervakantie planner '24 - Mooi &amp; Unique","og_description":"Maak met deze zomervakantie planner een aftelkalender voor alle leuke activiteiten die jullie gaan doen in de zomer. De data zijn weg gelaten dus hij kan volgend jaar gewoon weer gebruikt worden.","og_url":"https:\/\/www.mooienunique.nl\/?product=zomervakantie-planner-2024","og_site_name":"Mooi &amp; Unique","article_publisher":"https:\/\/www.facebook.com\/mooienunique","article_modified_time":"2025-02-07T10:30:56+00:00","og_image":[{"width":1024,"height":1024,"url":"https:\/\/www.mooienunique.nl\/wp-content\/uploads\/2024\/07\/Zomervakantie-planning-4-weken-2024-vierkant-met-logo-voor-site-1024x1024.png","type":"image\/png"}],"twitter_card":"summary_large_image","twitter_misc":{"Geschatte leestijd":"1 minuut"},"schema":{"@context":"https:\/\/schema.org","@graph":[{"@type":"WebPage","@id":"https:\/\/www.mooienunique.nl\/?product=zomervakantie-planner-2024","url":"https:\/\/www.mooienunique.nl\/?product=zomervakantie-planner-2024","name":"Gratis download | Zomervakantie planner '24 - Mooi &amp; Unique","isPartOf":{"@id":"https:\/\/www.mooienunique.nl\/#website"},"primaryImageOfPage":{"@id":"https:\/\/www.mooienunique.nl\/?product=zomervakantie-planner-2024#primaryimage"},"image":{"@id":"https:\/\/www.mooienunique.nl\/?product=zomervakantie-planner-2024#primaryimage"},"thumbnailUrl":"https:\/\/i0.wp.com\/www.mooienunique.nl\/wp-content\/uploads\/2024\/07\/Zomervakantie-planning-4-weken-2024-vierkant-met-logo-voor-site.png?fit=1800%2C1800&ssl=1","datePublished":"2024-07-07T19:04:47+00:00","dateModified":"2025-02-07T10:30:56+00:00","description":"Maak met deze zomervakantie planner een aftelkalender voor alle leuke activiteiten die jullie gaan doen in de zomer. De data zijn weg gelaten dus hij kan volgend jaar gewoon weer gebruikt worden.","breadcrumb":{"@id":"https:\/\/www.mooienunique.nl\/?product=zomervakantie-planner-2024#breadcrumb"},"inLanguage":"nl-NL","potentialAction":[{"@type":"ReadAction","target":["https:\/\/www.mooienunique.nl\/?product=zomervakantie-planner-2024"]}]},{"@type":"ImageObject","inLanguage":"nl-NL","@id":"https:\/\/www.mooienunique.nl\/?product=zomervakantie-planner-2024#primaryimage","url":"https:\/\/i0.wp.com\/www.mooienunique.nl\/wp-content\/uploads\/2024\/07\/Zomervakantie-planning-4-weken-2024-vierkant-met-logo-voor-site.png?fit=1800%2C1800&ssl=1","contentUrl":"https:\/\/i0.wp.com\/www.mooienunique.nl\/wp-content\/uploads\/2024\/07\/Zomervakantie-planning-4-weken-2024-vierkant-met-logo-voor-site.png?fit=1800%2C1800&ssl=1","width":1800,"height":1800},{"@type":"BreadcrumbList","@id":"https:\/\/www.mooienunique.nl\/?product=zomervakantie-planner-2024#breadcrumb","itemListElement":[{"@type":"ListItem","position":1,"name":"Home","item":"https:\/\/www.mooienunique.nl\/"},{"@type":"ListItem","position":2,"name":"Producten","item":"https:\/\/www.mooienunique.nl\/?post_type=product"},{"@type":"ListItem","position":3,"name":"Gratis download | Zomervakantie planner &#8217;24"}]},{"@type":"WebSite","@id":"https:\/\/www.mooienunique.nl\/#website","url":"https:\/\/www.mooienunique.nl\/","name":"Mooi &amp; Unique","description":"Beauty, Lifestyle en Meer","publisher":{"@id":"https:\/\/www.mooienunique.nl\/#organization"},"potentialAction":[{"@type":"SearchAction","target":{"@type":"EntryPoint","urlTemplate":"https:\/\/www.mooienunique.nl\/?s={search_term_string}"},"query-input":{"@type":"PropertyValueSpecification","valueRequired":true,"valueName":"search_term_string"}}],"inLanguage":"nl-NL"},{"@type":"Organization","@id":"https:\/\/www.mooienunique.nl\/#organization","name":"Mooi &amp; Unique","url":"https:\/\/www.mooienunique.nl\/","logo":{"@type":"ImageObject","inLanguage":"nl-NL","@id":"https:\/\/www.mooienunique.nl\/#\/schema\/logo\/image\/","url":"https:\/\/i0.wp.com\/www.mooienunique.nl\/wp-content\/uploads\/2022\/08\/cropped-cropped-Logo.png?fit=1800%2C624&ssl=1","contentUrl":"https:\/\/i0.wp.com\/www.mooienunique.nl\/wp-content\/uploads\/2022\/08\/cropped-cropped-Logo.png?fit=1800%2C624&ssl=1","width":1800,"height":624,"caption":"Mooi &amp; Unique"},"image":{"@id":"https:\/\/www.mooienunique.nl\/#\/schema\/logo\/image\/"},"sameAs":["https:\/\/www.facebook.com\/mooienunique","https:\/\/www.instagram.com\/mooi.en.unique\/"]}]}},"jetpack-related-posts":[{"id":2546,"url":"https:\/\/www.mooienunique.nl\/?product=zomervakantie-planner","url_meta":{"origin":7457,"position":0},"title":"Gratis download | Zomervakantie planner &#8217;23","author":"root_z9jeozui","date":"17 juli 2022","format":false,"excerpt":"Heeft jou mini vakantie en kijkt het hij of zij uit naar alle leuke dingen die jullie deze vakantie gaan doen? Met deze download maak je samen een planning en kan je mini gelijk aftellen naar de leukste uitjes of andere vakantie plannen! De planning heeft plek voor 4 weken\u2026","rel":"","context":"Soortgelijk bericht","block_context":{"text":"Soortgelijk bericht","link":""},"img":{"alt_text":"","src":"https:\/\/i0.wp.com\/www.mooienunique.nl\/wp-content\/uploads\/2022\/07\/Zomervakantie-planning-4-weken-2022-vierkant-met-logo-voor-site.png?fit=1200%2C1200&ssl=1&resize=350%2C200","width":350,"height":200,"srcset":"https:\/\/i0.wp.com\/www.mooienunique.nl\/wp-content\/uploads\/2022\/07\/Zomervakantie-planning-4-weken-2022-vierkant-met-logo-voor-site.png?fit=1200%2C1200&ssl=1&resize=350%2C200 1x, https:\/\/i0.wp.com\/www.mooienunique.nl\/wp-content\/uploads\/2022\/07\/Zomervakantie-planning-4-weken-2022-vierkant-met-logo-voor-site.png?fit=1200%2C1200&ssl=1&resize=525%2C300 1.5x, https:\/\/i0.wp.com\/www.mooienunique.nl\/wp-content\/uploads\/2022\/07\/Zomervakantie-planning-4-weken-2022-vierkant-met-logo-voor-site.png?fit=1200%2C1200&ssl=1&resize=700%2C400 2x, https:\/\/i0.wp.com\/www.mooienunique.nl\/wp-content\/uploads\/2022\/07\/Zomervakantie-planning-4-weken-2022-vierkant-met-logo-voor-site.png?fit=1200%2C1200&ssl=1&resize=1050%2C600 3x"},"classes":[]},{"id":2552,"url":"https:\/\/www.mooienunique.nl\/?product=zomervakantie-wish-list","url_meta":{"origin":7457,"position":1},"title":"Gratis download | Zomervakantie wish list &#8217;22","author":"root_z9jeozui","date":"17 juli 2022","format":false,"excerpt":"Terwijl ik dit typ is de zomervakantie bij ons al in volle gang, de eerste week zit er al weer op! Samen met onze zoon heb ik een vakantie wish list gemaakt en ik deel deze graag met je. Je kan dit document gratis downloaden en uitprinten. Welke activiteiten wil\u2026","rel":"","context":"Soortgelijk bericht","block_context":{"text":"Soortgelijk bericht","link":""},"img":{"alt_text":"","src":"https:\/\/i0.wp.com\/www.mooienunique.nl\/wp-content\/uploads\/2022\/07\/Zomervakantie-wish-list-2022-vierkant-met-logo-voor-site.png?fit=1200%2C1200&ssl=1&resize=350%2C200","width":350,"height":200,"srcset":"https:\/\/i0.wp.com\/www.mooienunique.nl\/wp-content\/uploads\/2022\/07\/Zomervakantie-wish-list-2022-vierkant-met-logo-voor-site.png?fit=1200%2C1200&ssl=1&resize=350%2C200 1x, https:\/\/i0.wp.com\/www.mooienunique.nl\/wp-content\/uploads\/2022\/07\/Zomervakantie-wish-list-2022-vierkant-met-logo-voor-site.png?fit=1200%2C1200&ssl=1&resize=525%2C300 1.5x, https:\/\/i0.wp.com\/www.mooienunique.nl\/wp-content\/uploads\/2022\/07\/Zomervakantie-wish-list-2022-vierkant-met-logo-voor-site.png?fit=1200%2C1200&ssl=1&resize=700%2C400 2x, https:\/\/i0.wp.com\/www.mooienunique.nl\/wp-content\/uploads\/2022\/07\/Zomervakantie-wish-list-2022-vierkant-met-logo-voor-site.png?fit=1200%2C1200&ssl=1&resize=1050%2C600 3x"},"classes":[]},{"id":5229,"url":"https:\/\/www.mooienunique.nl\/?product=zomer-bucket-list","url_meta":{"origin":7457,"position":2},"title":"Gratis download | Zomervakantie bucket list &#8217;23","author":"root_z9jeozui","date":"10 juli 2023","format":false,"excerpt":"Yess! De zomervakantie is begonnen en wat nu wil je natuurlijk allerlei leuke dingen doen. Schrijf ze allemaal op deze bucketlist en werk jou lijstje helemaal af deze zomer. Stop het item in je mandje en rond je bestelling af. Je kan hem daarna gratis downloaden en uitprinten. ( Het\u2026","rel":"","context":"Soortgelijk bericht","block_context":{"text":"Soortgelijk bericht","link":""},"img":{"alt_text":"","src":"https:\/\/i0.wp.com\/www.mooienunique.nl\/wp-content\/uploads\/2023\/07\/Summer-bucket-list-2023-vierkant-met-logo-voor-site.png?fit=1200%2C1200&ssl=1&resize=350%2C200","width":350,"height":200,"srcset":"https:\/\/i0.wp.com\/www.mooienunique.nl\/wp-content\/uploads\/2023\/07\/Summer-bucket-list-2023-vierkant-met-logo-voor-site.png?fit=1200%2C1200&ssl=1&resize=350%2C200 1x, https:\/\/i0.wp.com\/www.mooienunique.nl\/wp-content\/uploads\/2023\/07\/Summer-bucket-list-2023-vierkant-met-logo-voor-site.png?fit=1200%2C1200&ssl=1&resize=525%2C300 1.5x, https:\/\/i0.wp.com\/www.mooienunique.nl\/wp-content\/uploads\/2023\/07\/Summer-bucket-list-2023-vierkant-met-logo-voor-site.png?fit=1200%2C1200&ssl=1&resize=700%2C400 2x, https:\/\/i0.wp.com\/www.mooienunique.nl\/wp-content\/uploads\/2023\/07\/Summer-bucket-list-2023-vierkant-met-logo-voor-site.png?fit=1200%2C1200&ssl=1&resize=1050%2C600 3x"},"classes":[]},{"id":5820,"url":"https:\/\/www.mooienunique.nl\/?product=aftelkalender-sinterklaas","url_meta":{"origin":7457,"position":3},"title":"Aftelkalender | Sinterklaas","author":"root_z9jeozui","date":"11 juni 2025","format":false,"excerpt":"Mama wanneer komt Sinterklaas? Krijg jij deze vraag ook al weken van te voren? Met de aftelkalender begin je \u00e9\u00e9n week voor de intocht met aftellen. Met deze aftelkalender maak jij je eigen tijdlijn tijdens de sinterklaas periode. Zo kan je 8 momenten inplannen om de schoen te zetten met\u2026","rel":"","context":"Soortgelijk bericht","block_context":{"text":"Soortgelijk bericht","link":""},"img":{"alt_text":"","src":"https:\/\/i0.wp.com\/www.mooienunique.nl\/wp-content\/uploads\/2023\/09\/Aftelkalender-Sinterklaas-5-rotated.jpg?fit=1200%2C1200&ssl=1&resize=350%2C200","width":350,"height":200,"srcset":"https:\/\/i0.wp.com\/www.mooienunique.nl\/wp-content\/uploads\/2023\/09\/Aftelkalender-Sinterklaas-5-rotated.jpg?fit=1200%2C1200&ssl=1&resize=350%2C200 1x, https:\/\/i0.wp.com\/www.mooienunique.nl\/wp-content\/uploads\/2023\/09\/Aftelkalender-Sinterklaas-5-rotated.jpg?fit=1200%2C1200&ssl=1&resize=525%2C300 1.5x, https:\/\/i0.wp.com\/www.mooienunique.nl\/wp-content\/uploads\/2023\/09\/Aftelkalender-Sinterklaas-5-rotated.jpg?fit=1200%2C1200&ssl=1&resize=700%2C400 2x, https:\/\/i0.wp.com\/www.mooienunique.nl\/wp-content\/uploads\/2023\/09\/Aftelkalender-Sinterklaas-5-rotated.jpg?fit=1200%2C1200&ssl=1&resize=1050%2C600 3x"},"classes":[]},{"id":6207,"url":"https:\/\/www.mooienunique.nl\/?product=diy-sneeuwpop","url_meta":{"origin":7457,"position":4},"title":"DIY | Sneeuwpop","author":"root_z9jeozui","date":"29 oktober 2023","format":false,"excerpt":"Ga lekker creatief aan de slag met dit Do It Yourself pakket \u2018sneeuwpop\u2019. Je maakt in totaal 6 sneeuwpopjes die je kan gebruiken voor de kerstboom, het inpakken van cadeautjes of gewoon als leuke activiteit met de kids. In deze set zit alles wat je je nodig hebt. Inhoud: 24\u2026","rel":"","context":"Soortgelijk bericht","block_context":{"text":"Soortgelijk bericht","link":""},"img":{"alt_text":"","src":"https:\/\/i0.wp.com\/www.mooienunique.nl\/wp-content\/uploads\/2023\/10\/DIY-sneeuwpop-4.jpg?fit=1198%2C1198&ssl=1&resize=350%2C200","width":350,"height":200,"srcset":"https:\/\/i0.wp.com\/www.mooienunique.nl\/wp-content\/uploads\/2023\/10\/DIY-sneeuwpop-4.jpg?fit=1198%2C1198&ssl=1&resize=350%2C200 1x, https:\/\/i0.wp.com\/www.mooienunique.nl\/wp-content\/uploads\/2023\/10\/DIY-sneeuwpop-4.jpg?fit=1198%2C1198&ssl=1&resize=525%2C300 1.5x, https:\/\/i0.wp.com\/www.mooienunique.nl\/wp-content\/uploads\/2023\/10\/DIY-sneeuwpop-4.jpg?fit=1198%2C1198&ssl=1&resize=700%2C400 2x, https:\/\/i0.wp.com\/www.mooienunique.nl\/wp-content\/uploads\/2023\/10\/DIY-sneeuwpop-4.jpg?fit=1198%2C1198&ssl=1&resize=1050%2C600 3x"},"classes":[]},{"id":6211,"url":"https:\/\/www.mooienunique.nl\/?product=diy-kerst-hanger","url_meta":{"origin":7457,"position":5},"title":"DIY | Kerst hanger","author":"root_z9jeozui","date":"29 oktober 2023","format":false,"excerpt":"Ga lekker creatief aan de slag met dit Do It Yourself pakket 'kerst hanger'. Met deze set kan je zelf creatief aan de slag. Deze set bevat in totaal 6 figuren die je kan gebruiken voor de kerstboom, het inpakken van cadeautjes of gewoon als leuke activiteit met de kids.\u2026","rel":"","context":"Soortgelijk bericht","block_context":{"text":"Soortgelijk bericht","link":""},"img":{"alt_text":"","src":"https:\/\/i0.wp.com\/www.mooienunique.nl\/wp-content\/uploads\/2023\/10\/DIY-Kersthanger-3.jpg?fit=679%2C679&ssl=1&resize=350%2C200","width":350,"height":200,"srcset":"https:\/\/i0.wp.com\/www.mooienunique.nl\/wp-content\/uploads\/2023\/10\/DIY-Kersthanger-3.jpg?fit=679%2C679&ssl=1&resize=350%2C200 1x, https:\/\/i0.wp.com\/www.mooienunique.nl\/wp-content\/uploads\/2023\/10\/DIY-Kersthanger-3.jpg?fit=679%2C679&ssl=1&resize=525%2C300 1.5x"},"classes":[]}],"jetpack_sharing_enabled":true,"_links":{"self":[{"href":"https:\/\/www.mooienunique.nl\/index.php?rest_route=\/wp\/v2\/product\/7457","targetHints":{"allow":["GET"]}}],"collection":[{"href":"https:\/\/www.mooienunique.nl\/index.php?rest_route=\/wp\/v2\/product"}],"about":[{"href":"https:\/\/www.mooienunique.nl\/index.php?rest_route=\/wp\/v2\/types\/product"}],"replies":[{"embeddable":true,"href":"https:\/\/www.mooienunique.nl\/index.php?rest_route=%2Fwp%2Fv2%2Fcomments&post=7457"}],"wp:featuredmedia":[{"embeddable":true,"href":"https:\/\/www.mooienunique.nl\/index.php?rest_route=\/wp\/v2\/media\/7459"}],"wp:attachment":[{"href":"https:\/\/www.mooienunique.nl\/index.php?rest_route=%2Fwp%2Fv2%2Fmedia&parent=7457"}],"wp:term":[{"taxonomy":"product_brand","embeddable":true,"href":"https:\/\/www.mooienunique.nl\/index.php?rest_route=%2Fwp%2Fv2%2Fproduct_brand&post=7457"},{"taxonomy":"product_cat","embeddable":true,"href":"https:\/\/www.mooienunique.nl\/index.php?rest_route=%2Fwp%2Fv2%2Fproduct_cat&post=7457"},{"taxonomy":"product_tag","embeddable":true,"href":"https:\/\/www.mooienunique.nl\/index.php?rest_route=%2Fwp%2Fv2%2Fproduct_tag&post=7457"}],"curies":[{"name":"wp","href":"https:\/\/api.w.org\/{rel}","templated":true}]}}